{"id":12,"date":"2024-10-17T03:19:52","date_gmt":"2024-10-17T03:19:52","guid":{"rendered":"https:\/\/mjwjewelry.com\/?page_id=12"},"modified":"2024-10-23T23:17:10","modified_gmt":"2024-10-24T03:17:10","slug":"about","status":"publish","type":"page","link":"https:\/\/mjwjewelry.com\/fr_ca\/about","title":{"rendered":"\u00c0 propos"},"content":{"rendered":"<section class=\"section dark\" id=\"section_1681654310\">\n\t\t<div class=\"section-bg fill\" >\n\t\t\t<img loading=\"lazy\" decoding=\"async\" width=\"2560\" height=\"1941\" src=\"https:\/\/mjwjewelry.com\/wp-content\/uploads\/2024\/10\/1-scaled.jpg\" class=\"bg attachment- size-\" alt=\"\" \/>\t\t\t\t\t\t\n\t\t\t\n\n\t\t<\/div>\n\n\t\t\n\n\t\t<div class=\"section-content relative\">\n\t\t\t\n\n\t<div id=\"text-3971499001\" class=\"text\">\n\t\t\n\n<h1>\u00c0 PROPOS DE NOUS<\/h1>\n\t\t\n<style>\n#text-3971499001 {\n  font-size: 1.85rem;\n  text-align: center;\n  color: rgb(255, 255, 255);\n}\n#text-3971499001 > * {\n  color: rgb(255, 255, 255);\n}\n<\/style>\n\t<\/div>\n\t\n\n\t\t<\/div>\n\n\t\t\n<style>\n#section_1681654310 {\n  padding-top: 30px;\n  padding-bottom: 30px;\n  min-height: 350px;\n}\n#section_1681654310 .section-bg img {\n  object-position: 57% 60%;\n}\n<\/style>\n\t<\/section>\n\t\n\n\t<section class=\"section\" id=\"section_851782665\">\n\t\t<div class=\"section-bg fill\" >\n\t\t\t\t\t\t\t\t\t\n\t\t\t\n\n\t\t<\/div>\n\n\t\t\n\n\t\t<div class=\"section-content relative\">\n\t\t\t\n\n<div class=\"row\"  id=\"row-235182322\">\n\n\n\t<div id=\"col-1320430954\" class=\"col small-12 large-12\"  >\n\t\t\t\t<div class=\"col-inner\"  >\n\t\t\t\n\t\t\t\n\n\t<div id=\"gap-671467732\" class=\"gap-element clearfix\" style=\"display:block; height:auto;\">\n\t\t\n<style>\n#gap-671467732 {\n  padding-top: 30px;\n}\n<\/style>\n\t<\/div>\n\t\n\n\t<div id=\"stack-3504176836\" class=\"stack stack-row justify-between items-stretch\">\n\t\t\n\n\t<div id=\"text-2125680219\" class=\"text\">\n\t\t\n\n<h3>MJ&#8217;s Way<\/h3>\n\t\t\n<style>\n#text-2125680219 {\n  font-size: 2rem;\n  line-height: 0.75;\n}\n<\/style>\n\t<\/div>\n\t\n\n\t\t\n<style>\n#stack-3504176836 > * {\n  --stack-gap: 0rem;\n}\n<\/style>\n\t<\/div>\n\t\n\n\t\t<\/div>\n\t\t\t\t\t<\/div>\n\n\t\n\n<\/div>\n<div class=\"row row-large\"  id=\"row-169804294\">\n\n\n\t<div id=\"col-1500736600\" class=\"col medium-6 small-12 large-6\"  >\n\t\t\t\t<div class=\"col-inner\"  >\n\t\t\t\n\t\t\t\n\n\t<div id=\"text-952758432\" class=\"text\">\n\t\t\n\n<p class=\"p1\"><span class=\"s1\">Welcome, <\/span><i>Beautiful People<\/i><span class=\"s1\">!<\/span><\/p>\n<p class=\"p3\">Je m'appelle Marsha Julien et je suis la fondatrice de la ligne de bijoux faits main MJWJ. L'art est mon langage amoureux, ma passion. De la musique au dessin, en passant par le bricolage et tout ce qui se trouve entre les deux, je suis passionn\u00e9e par l'art. <i>Creativity<\/i> should have been my middle name!<\/p>\n<p class=\"p3\">MJWJ signifie MJ's Way Jewelry \u2013 un spin-off de ma cha\u00eene YouTube nomm\u00e9e : MJ's Way \u2013 qui va de pair avec le fait de vous montrer mon point de vue (MJ) sur le style et le soin de mes cheveux, de me maquiller et de tout ce que j'aime faire et partager avec vous.<\/p>\n<p class=\"p1\">\u00a0<\/p>\n\t\t\n<style>\n#text-952758432 {\n  color: rgb(0,0,0);\n}\n#text-952758432 > * {\n  color: rgb(0,0,0);\n}\n<\/style>\n\t<\/div>\n\t\n\n\t\t<\/div>\n\t\t\t\t\t<\/div>\n\n\t\n\n\t<div id=\"col-1123647942\" class=\"col medium-6 small-12 large-6\"  >\n\t\t\t\t<div class=\"col-inner\"  >\n\t\t\t\n\t\t\t\n\n\t<div id=\"text-2629265168\" class=\"text\">\n\t\t\n\n<p class=\"p3\">C\u00f4t\u00e9 bijoux, depuis mon adolescence, j'ai toujours eu une passion pour les accessoires et je dessinais ce que j'aimerais porter : des pi\u00e8ces d\u00e9licates et uniques. En tant que bricoleuse, je suis toujours pr\u00eate \u00e0 relever le d\u00e9fi d'apprendre un nouveau m\u00e9tier, et la cr\u00e9ation de bijoux m'a tout naturellement s\u00e9duite. Les pi\u00e8ces de cette collection sont faites main, donc uniques, jamais identiques.<\/p>\n<p class=\"p3\">J'ai d\u00e9cid\u00e9 de lancer mon entreprise de bijoux faits \u00e0 la main car cela va de pair avec le fait d'accepter le fait que nous ne sommes pas \u00e9gaux et que nous sommes beaux \u00e0 notre mani\u00e8re unique.<\/p>\n<p class=\"p3\">J'esp\u00e8re que les pi\u00e8ces que vous choisirez apporteront un peu de joie \u00e0 votre journ\u00e9e.<\/p>\n<p class=\"p3\">Bisous<\/p>\n<p class=\"p1\">Marsha J.<\/p>\n\t\t\n<style>\n#text-2629265168 {\n  color: rgb(0,0,0);\n}\n#text-2629265168 > * {\n  color: rgb(0,0,0);\n}\n<\/style>\n\t<\/div>\n\t\n<a href=\"\/fr_ca\/shop\/\" class=\"button primary is-link\" >\n\t\t<span>ACHETEZ MAINTENANT<\/span>\n\t<i class=\"icon-angle-right\" aria-hidden=\"true\"><\/i><\/a>\n\n\n\n\t\t<\/div>\n\t\t\t\t\t<\/div>\n\n\t\n\n<\/div>\n\n\t\t<\/div>\n\n\t\t\n<style>\n#section_851782665 {\n  padding-top: 50px;\n  padding-bottom: 50px;\n}\n<\/style>\n\t<\/section>\n\t\n    <div class=\"box has-hover has-hover box-text-bottom\" >\n\n                  <div class=\"box-image\" style=\"width:25%;\">\n           <div class=\"box-image-inner image-cover\" style=\"border-radius:100%;padding-top:100%;\">\n              <img loading=\"lazy\" decoding=\"async\" width=\"1437\" height=\"1437\" src=\"https:\/\/mjwjewelry.com\/wp-content\/uploads\/2024\/10\/IMG_0604-scaled-e1729735168663.jpg\" class=\"attachment- size-\" alt=\"\" srcset=\"https:\/\/mjwjewelry.com\/wp-content\/uploads\/2024\/10\/IMG_0604-scaled-e1729735168663.jpg 1437w, https:\/\/mjwjewelry.com\/wp-content\/uploads\/2024\/10\/IMG_0604-scaled-e1729735168663-300x300.jpg 300w, https:\/\/mjwjewelry.com\/wp-content\/uploads\/2024\/10\/IMG_0604-scaled-e1729735168663-1024x1024.jpg 1024w, https:\/\/mjwjewelry.com\/wp-content\/uploads\/2024\/10\/IMG_0604-scaled-e1729735168663-150x150.jpg 150w, https:\/\/mjwjewelry.com\/wp-content\/uploads\/2024\/10\/IMG_0604-scaled-e1729735168663-768x768.jpg 768w, https:\/\/mjwjewelry.com\/wp-content\/uploads\/2024\/10\/IMG_0604-scaled-e1729735168663-510x510.jpg 510w, https:\/\/mjwjewelry.com\/wp-content\/uploads\/2024\/10\/IMG_0604-scaled-e1729735168663-100x100.jpg 100w\" sizes=\"auto, (max-width: 1437px) 100vw, 1437px\" \/>                         <\/div>\n          <\/div>\n         \n          <div class=\"box-text text-center\" >\n                <div class=\"box-text-inner\">\n                  <h4 class=\"uppercase\">\n                    <span class=\"person-name\">Marsha julien<\/span><br\/>\n                    <span class=\"person-title is-small thin-font op-7\">\n                      PDG                    <\/span>\n                  <\/h4>\n\t\t\t\t\t\n\n<p>Fondatrice<\/p>\n\n                <\/div>\n          <\/div>\n    <\/div>","protected":false},"excerpt":{"rendered":"","protected":false},"author":1,"featured_media":0,"parent":0,"menu_order":0,"comment_status":"closed","ping_status":"closed","template":"","meta":{"footnotes":""},"class_list":["post-12","page","type-page","status-publish","hentry"],"_links":{"self":[{"href":"https:\/\/mjwjewelry.com\/fr_ca\/wp-json\/wp\/v2\/pages\/12","targetHints":{"allow":["GET"]}}],"collection":[{"href":"https:\/\/mjwjewelry.com\/fr_ca\/wp-json\/wp\/v2\/pages"}],"about":[{"href":"https:\/\/mjwjewelry.com\/fr_ca\/wp-json\/wp\/v2\/types\/page"}],"author":[{"embeddable":true,"href":"https:\/\/mjwjewelry.com\/fr_ca\/wp-json\/wp\/v2\/users\/1"}],"replies":[{"embeddable":true,"href":"https:\/\/mjwjewelry.com\/fr_ca\/wp-json\/wp\/v2\/comments?post=12"}],"version-history":[{"count":10,"href":"https:\/\/mjwjewelry.com\/fr_ca\/wp-json\/wp\/v2\/pages\/12\/revisions"}],"predecessor-version":[{"id":368,"href":"https:\/\/mjwjewelry.com\/fr_ca\/wp-json\/wp\/v2\/pages\/12\/revisions\/368"}],"wp:attachment":[{"href":"https:\/\/mjwjewelry.com\/fr_ca\/wp-json\/wp\/v2\/media?parent=12"}],"curies":[{"name":"wp","href":"https:\/\/api.w.org\/{rel}","templated":true}]}}