{"id":16,"date":"2024-10-17T03:20:18","date_gmt":"2024-10-17T03:20:18","guid":{"rendered":"https:\/\/mjwjewelry.com\/?page_id=16"},"modified":"2024-10-26T13:52:04","modified_gmt":"2024-10-26T17:52:04","slug":"faq","status":"publish","type":"page","link":"https:\/\/mjwjewelry.com\/fr_ca\/faq","title":{"rendered":"FAQ"},"content":{"rendered":"<section class=\"section dark\" id=\"section_1134117859\">\n\t\t<div class=\"section-bg fill\" >\n\t\t\t<img decoding=\"async\" src=\"https:\/\/mjwjewelry.com\/wp-content\/uploads\/2024\/10\/LOGO-MAIN-21.svg\" class=\"bg attachment- size-\" alt=\"\" \/>\t\t\t\t\t\t<div class=\"section-bg-overlay absolute fill\"><\/div>\n\t\t\t\n\n\t\t<\/div>\n\n\t\t\n\n\t\t<div class=\"section-content relative\">\n\t\t\t\n\n<div class=\"row\"  id=\"row-508987045\">\n\n\n\t<div id=\"col-1723474640\" class=\"col small-12 large-12\"  >\n\t\t\t\t<div class=\"col-inner\"  >\n\t\t\t\n\t\t\t\n\n\t<div id=\"gap-656642157\" class=\"gap-element clearfix\" style=\"display:block; height:auto;\">\n\t\t\n<style>\n#gap-656642157 {\n  padding-top: 40px;\n}\n@media (min-width:550px) {\n  #gap-656642157 {\n    padding-top: 30px;\n  }\n}\n<\/style>\n\t<\/div>\n\t\n\n\t<div id=\"text-4073953229\" class=\"text\">\n\t\t\n\n<h1>FAQ<\/h1>\n\t\t\n<style>\n#text-4073953229 {\n  font-size: 2.3rem;\n  line-height: 1.25;\n  text-align: center;\n  color: rgb(255,255,255);\n}\n#text-4073953229 > * {\n  color: rgb(255,255,255);\n}\n@media (min-width:550px) {\n  #text-4073953229 {\n    font-size: 4rem;\n  }\n}\n<\/style>\n\t<\/div>\n\t\n\n\t\t<\/div>\n\t\t\t\t\t<\/div>\n\n\t\n\n<\/div>\n\n\t\t<\/div>\n\n\t\t\n<style>\n#section_1134117859 {\n  padding-top: 30px;\n  padding-bottom: 30px;\n  min-height: 150px;\n}\n#section_1134117859 .section-bg-overlay {\n  background-color: rgba(14, 13, 13, 0.285);\n}\n@media (min-width:550px) {\n  #section_1134117859 {\n    min-height: 350px;\n  }\n}\n<\/style>\n\t<\/section>\n\t\n\n\t<section class=\"section\" id=\"section_550197021\">\n\t\t<div class=\"section-bg fill\" >\n\t\t\t\t\t\t\t\t\t\n\t\t\t\n\n\t\t<\/div>\n\n\t\t\n\n\t\t<div class=\"section-content relative\">\n\t\t\t\n\n\t<div id=\"text-2495206997\" class=\"text\">\n\t\t\n\n<p style=\"text-align: center;\"><span style=\"color: #000000; font-size: 120%;\">Comme la plupart des articles faits main, les pi\u00e8ces que vous avez achet\u00e9es sont d\u00e9licates. Veuillez en prendre soin tout particuli\u00e8rement lorsque vous les portez au quotidien.<\/span><\/p>\n\t\t\n<style>\n#text-2495206997 {\n  font-size: 1rem;\n}\n<\/style>\n\t<\/div>\n\t\n<div class=\"row align-center\"  id=\"row-1670770082\">\n\n\n\t<div id=\"col-1793619725\" class=\"col medium-10 small-12 large-3\"  >\n\t\t\t\t<div class=\"col-inner\"  >\n\t\t\t\n\t\t\t\n\n<h3>Entretien des bijoux<\/h3>\n<p>\u00a0<\/p>\n\n\t\t<\/div>\n\t\t\t\t\t<\/div>\n\n\t\n\n\t<div id=\"col-1538766458\" class=\"col medium-10 small-12 large-6\"  >\n\t\t\t\t<div class=\"col-inner\"  >\n\t\t\t\n\t\t\t\n\n<div class=\"accordion\">\n\n\t<div id=\"accordion-3918046023\" class=\"accordion-item\">\n\t\t<a id=\"accordion-3918046023-label\" class=\"accordion-title plain\" href=\"#accordion-item-how-to-care-and-wear\" aria-expanded=\"false\" aria-controls=\"accordion-3918046023-content\">\n\t\t\t<button class=\"toggle\" aria-label=\"Basculer\"><i class=\"icon-angle-down\" aria-hidden=\"true\"><\/i><\/button>\n\t\t\t<span>Comment entretenir et porter<\/span>\n\t\t<\/a>\n\t\t<div id=\"accordion-3918046023-content\" class=\"accordion-inner\" aria-labelledby=\"accordion-3918046023-label\">\n\t\t\t\n\n<p class=\"p1\"><span style=\"color: #000000;\">Il est d\u00e9conseill\u00e9 de porter ces bijoux sous la douche, \u00e0 la piscine, lors d\u2019activit\u00e9s sportives, etc.<\/span><\/p>\n<p class=\"p1\"><span style=\"color: #000000;\">\u00c9vitez le contact avec les parfums et les cosm\u00e9tiques en mettant vos bijoux en dernier et en les retirant en premier avant de vous d\u00e9shabiller, afin d\u2019\u00e9viter qu\u2019ils ne s\u2019accrochent ou ne s\u2019ab\u00eement.<\/span><\/p>\n\n\t\t<\/div>\n\t<\/div>\n\t\n\t<div id=\"accordion-2169340604\" class=\"accordion-item\">\n\t\t<a id=\"accordion-2169340604-label\" class=\"accordion-title plain\" href=\"#accordion-item-where-to-store\" aria-expanded=\"false\" aria-controls=\"accordion-2169340604-content\">\n\t\t\t<button class=\"toggle\" aria-label=\"Basculer\"><i class=\"icon-angle-down\" aria-hidden=\"true\"><\/i><\/button>\n\t\t\t<span>O\u00f9 ranger<\/span>\n\t\t<\/a>\n\t\t<div id=\"accordion-2169340604-content\" class=\"accordion-inner\" aria-labelledby=\"accordion-2169340604-label\">\n\t\t\t\n\n<p class=\"p1\"><span style=\"color: #000000;\">Rangez vos bijoux s\u00e9par\u00e9ment des autres m\u00e9taux, dans un endroit frais et sec, \u00e0 l\u2019abri de la lumi\u00e8re directe du soleil.<\/span><\/p>\n\n\t\t<\/div>\n\t<\/div>\n\t\n\n<\/div>\n\n\t\t<\/div>\n\t\t\t\t\t<\/div>\n\n\t\n\n<\/div>\n<div class=\"row align-center\"  id=\"row-36485579\">\n\n\n\t<div id=\"col-13447412\" class=\"col medium-10 small-12 large-3\"  >\n\t\t\t\t<div class=\"col-inner\"  >\n\t\t\t\n\t\t\t\n\n<h3>Mat\u00e9riaux<\/h3>\n\n\n\t\t<\/div>\n\t\t\t\t\t<\/div>\n\n\t\n\n\t<div id=\"col-140943024\" class=\"col medium-10 small-12 large-6\"  >\n\t\t\t\t<div class=\"col-inner\"  >\n\t\t\t\n\t\t\t\n\n<div class=\"accordion\">\n\n\t<div id=\"accordion-1271108099\" class=\"accordion-item\">\n\t\t<a id=\"accordion-1271108099-label\" class=\"accordion-title plain\" href=\"#accordion-item-wear-and-tear\" aria-expanded=\"false\" aria-controls=\"accordion-1271108099-content\">\n\t\t\t<button class=\"toggle\" aria-label=\"Basculer\"><i class=\"icon-angle-down\" aria-hidden=\"true\"><\/i><\/button>\n\t\t\t<span>Usure naturelle<\/span>\n\t\t<\/a>\n\t\t<div id=\"accordion-1271108099-content\" class=\"accordion-inner\" aria-labelledby=\"accordion-1271108099-label\">\n\t\t\t\n\n<p class=\"p1\"><span style=\"color: #000000;\">Bien que les pi\u00e8ces soient plaqu\u00e9es, le rev\u00eatement a tendance \u00e0 s\u2019estomper avec le temps. La vitesse \u00e0 laquelle il dispara\u00eet d\u00e9pend des soins apport\u00e9s aux bijoux.<\/span><\/p>\n\n\t\t<\/div>\n\t<\/div>\n\t\n\t<div id=\"accordion-3980570704\" class=\"accordion-item\">\n\t\t<a id=\"accordion-3980570704-label\" class=\"accordion-title plain\" href=\"#accordion-item-metals\" aria-expanded=\"false\" aria-controls=\"accordion-3980570704-content\">\n\t\t\t<button class=\"toggle\" aria-label=\"Basculer\"><i class=\"icon-angle-down\" aria-hidden=\"true\"><\/i><\/button>\n\t\t\t<span>M\u00e9taux<\/span>\n\t\t<\/a>\n\t\t<div id=\"accordion-3980570704-content\" class=\"accordion-inner\" aria-labelledby=\"accordion-3980570704-label\">\n\t\t\t\n\n<p><span style=\"color: #000000;\">Sauf indication contraire, les pi\u00e8ces \u00e9tiquet\u00e9es \u00ab or rose \u00bb sont fabriqu\u00e9es \u00e0 partir de fil de cuivre nu et les autres finitions sont des fils de cuivre plaqu\u00e9s (plaqu\u00e9s en argent ou en or).<\/span><\/p>\n\n\t\t<\/div>\n\t<\/div>\n\t\n\t<div id=\"accordion-1874446975\" class=\"accordion-item\">\n\t\t<a id=\"accordion-1874446975-label\" class=\"accordion-title plain\" href=\"#accordion-item-gems-and-pearls\" aria-expanded=\"false\" aria-controls=\"accordion-1874446975-content\">\n\t\t\t<button class=\"toggle\" aria-label=\"Basculer\"><i class=\"icon-angle-down\" aria-hidden=\"true\"><\/i><\/button>\n\t\t\t<span>Pierres pr\u00e9cieuses et perles<\/span>\n\t\t<\/a>\n\t\t<div id=\"accordion-1874446975-content\" class=\"accordion-inner\" aria-labelledby=\"accordion-1874446975-label\">\n\t\t\t\n\n<p>Sauf indication contraire, toutes les pierres pr\u00e9cieuses et perles sont des pierres pr\u00e9cieuses et perles de qualit\u00e9 fantaisie.<\/p>\n\n\t\t<\/div>\n\t<\/div>\n\t\n\n<\/div>\n\n\t\t<\/div>\n\t\t\t\t\t<\/div>\n\n\t\n\n<\/div>\n\n\t\t<\/div>\n\n\t\t\n<style>\n#section_550197021 {\n  padding-top: 50px;\n  padding-bottom: 50px;\n  background-color: rgb(255,255,255);\n}\n<\/style>\n\t<\/section>\n\t\n\n\t<section class=\"section\" id=\"section_1570184425\">\n\t\t<div class=\"section-bg fill\" >\n\t\t\t\t\t\t\t\t\t\n\t\t\t\n\n\t\t<\/div>\n\n\t\t\n\n\t\t<div class=\"section-content relative\">\n\t\t\t\n\n<div class=\"row row-collapse align-center\"  id=\"row-143441925\">\n\n\n\t<div id=\"col-1998942206\" class=\"col medium-10 small-12 large-8\"  >\n\t\t\t\t<div class=\"col-inner text-center\"  >\n\t\t\t\n\t\t\t\n\n\t<div id=\"text-599855513\" class=\"text\">\n\t\t\n\n<h1>Article endommag\u00e9 \u00e0 l'arriv\u00e9e?<\/h1>\n<p class=\"lead\"><span style=\"color: #000000;\">Veuillez nous envoyer imm\u00e9diatement des photos via le formulaire ci-dessous et nous renvoyer le colis dans les cinq (5) jours calendaires. Pour plus d'informations sur notre politique de retour, cliquez ici. <a href=\"https:\/\/mjwjewelry.com\/fr_ca\/refund-policy\/\">ici<\/a>.<\/span><\/p>\n\t\t\n<style>\n#text-599855513 {\n  font-size: 0.75rem;\n}\n<\/style>\n\t<\/div>\n\t\n<a href=\"\/fr_ca\/contact\/\" class=\"button primary\" style=\"border-radius:99px;\">\n\t\t<span>CONTACTEZ-NOUS<\/span>\n\t<\/a>\n\n\n\n\t\t<\/div>\n\t\t\t\t\t<\/div>\n\n\t\n\n<\/div>\n\n\t\t<\/div>\n\n\t\t\n<style>\n#section_1570184425 {\n  padding-top: 0px;\n  padding-bottom: 0px;\n}\n@media (min-width:550px) {\n  #section_1570184425 {\n    padding-top: 30px;\n    padding-bottom: 30px;\n  }\n}\n<\/style>\n\t<\/section>","protected":false},"excerpt":{"rendered":"","protected":false},"author":1,"featured_media":0,"parent":0,"menu_order":0,"comment_status":"closed","ping_status":"closed","template":"","meta":{"footnotes":""},"class_list":["post-16","page","type-page","status-publish","hentry"],"_links":{"self":[{"href":"https:\/\/mjwjewelry.com\/fr_ca\/wp-json\/wp\/v2\/pages\/16","targetHints":{"allow":["GET"]}}],"collection":[{"href":"https:\/\/mjwjewelry.com\/fr_ca\/wp-json\/wp\/v2\/pages"}],"about":[{"href":"https:\/\/mjwjewelry.com\/fr_ca\/wp-json\/wp\/v2\/types\/page"}],"author":[{"embeddable":true,"href":"https:\/\/mjwjewelry.com\/fr_ca\/wp-json\/wp\/v2\/users\/1"}],"replies":[{"embeddable":true,"href":"https:\/\/mjwjewelry.com\/fr_ca\/wp-json\/wp\/v2\/comments?post=16"}],"version-history":[{"count":11,"href":"https:\/\/mjwjewelry.com\/fr_ca\/wp-json\/wp\/v2\/pages\/16\/revisions"}],"predecessor-version":[{"id":384,"href":"https:\/\/mjwjewelry.com\/fr_ca\/wp-json\/wp\/v2\/pages\/16\/revisions\/384"}],"wp:attachment":[{"href":"https:\/\/mjwjewelry.com\/fr_ca\/wp-json\/wp\/v2\/media?parent=16"}],"curies":[{"name":"wp","href":"https:\/\/api.w.org\/{rel}","templated":true}]}}